{"id":42,"date":"2025-11-16T18:14:52","date_gmt":"2025-11-16T18:14:52","guid":{"rendered":"https:\/\/leschke-rs.de\/?page_id=42"},"modified":"2026-02-03T17:20:19","modified_gmt":"2026-02-03T17:20:19","slug":"kontakt","status":"publish","type":"page","link":"https:\/\/leschke-rs.de\/index.php\/kontakt\/","title":{"rendered":"Kontakt"},"content":{"rendered":"\t\t<div data-elementor-type=\"wp-page\" data-elementor-id=\"42\" class=\"elementor elementor-42\" data-elementor-post-type=\"page\">\n\t\t\t\t<div class=\"elementor-element elementor-element-8744545 e-con-full e-flex e-con e-parent\" data-id=\"8744545\" data-element_type=\"container\" data-e-type=\"container\">\n\t\t<div class=\"elementor-element elementor-element-b2f2a5b e-grid e-con-full e-con e-child\" data-id=\"b2f2a5b\" data-element_type=\"container\" data-e-type=\"container\">\n\t\t<div class=\"elementor-element elementor-element-adc77d4 e-con-full e-flex e-con e-child\" data-id=\"adc77d4\" data-element_type=\"container\" data-e-type=\"container\">\n\t\t\t\t<div class=\"elementor-element elementor-element-adde051 elementor-widget elementor-widget-menu-anchor\" data-id=\"adde051\" data-element_type=\"widget\" data-e-type=\"widget\" data-widget_type=\"menu-anchor.default\">\n\t\t\t\t\t\t\t<div class=\"elementor-menu-anchor\" id=\"kontakt\"><\/div>\n\t\t\t\t\t\t<\/div>\n\t\t\t\t<div class=\"elementor-element elementor-element-7ecf36f elementor-hidden-tablet elementor-widget elementor-widget-heading\" data-id=\"7ecf36f\" data-element_type=\"widget\" data-e-type=\"widget\" data-widget_type=\"heading.default\">\n\t\t\t\t\t<h2 class=\"elementor-heading-title elementor-size-default\">Jetzt Kontakt aufnehmen<\/h2>\t\t\t\t<\/div>\n\t\t\t\t<div class=\"elementor-element elementor-element-8169df7 elementor-hidden-desktop elementor-hidden-mobile elementor-widget elementor-widget-heading\" data-id=\"8169df7\" data-element_type=\"widget\" data-e-type=\"widget\" data-widget_type=\"heading.default\">\n\t\t\t\t\t<h2 class=\"elementor-heading-title elementor-size-default\">Jetzt Kontakt aufnehmen<\/h2>\t\t\t\t<\/div>\n\t\t\t\t<div class=\"elementor-element elementor-element-66e00c0 elementor-widget elementor-widget-text-editor\" data-id=\"66e00c0\" data-element_type=\"widget\" data-e-type=\"widget\" data-widget_type=\"text-editor.default\">\n\t\t\t\t\t\t\t\t\t<p>Sie haben eine Frage, m\u00f6chten ein Angebot in Anspruch nehmen oder Feedback? F\u00fcllen Sie ganz einfach das untenstehende Formular aus und wir werden uns schnellstm\u00f6glich bei Ihnen melden.<\/p>\t\t\t\t\t\t\t\t<\/div>\n\t\t\t\t<div class=\"elementor-element elementor-element-da39c5b elementor-button-align-stretch elementor-widget elementor-widget-form\" data-id=\"da39c5b\" data-element_type=\"widget\" data-e-type=\"widget\" data-settings=\"{&quot;step_next_label&quot;:&quot;N\\u00e4chster&quot;,&quot;step_previous_label&quot;:&quot;Voriger&quot;,&quot;button_width&quot;:&quot;100&quot;,&quot;step_type&quot;:&quot;number_text&quot;,&quot;step_icon_shape&quot;:&quot;circle&quot;}\" data-widget_type=\"form.default\">\n\t\t\t\t\t\t\t<form class=\"elementor-form\" method=\"post\" name=\"Kontaktformular\" aria-label=\"Kontaktformular\">\n\t\t\t<input type=\"hidden\" name=\"post_id\" value=\"42\"\/>\n\t\t\t<input type=\"hidden\" name=\"form_id\" value=\"da39c5b\"\/>\n\t\t\t<input type=\"hidden\" name=\"referer_title\" value=\"Kontakt | Leschke Reinigungssysteme\" \/>\n\n\t\t\t\t\t\t\t<input type=\"hidden\" name=\"queried_id\" value=\"42\"\/>\n\t\t\t\n\t\t\t<div class=\"elementor-form-fields-wrapper elementor-labels-above\">\n\t\t\t\t\t\t\t\t<div class=\"elementor-field-type-text elementor-field-group elementor-column elementor-field-group-name elementor-col-100\">\n\t\t\t\t\t\t\t\t\t\t\t\t\t<input size=\"1\" type=\"text\" name=\"form_fields[name]\" id=\"form-field-name\" class=\"elementor-field elementor-size-sm  elementor-field-textual\" placeholder=\"Name\">\n\t\t\t\t\t\t\t\t\t\t\t<\/div>\n\t\t\t\t\t\t\t\t<div class=\"elementor-field-type-email elementor-field-group elementor-column elementor-field-group-email elementor-col-100 elementor-field-required\">\n\t\t\t\t\t\t\t\t\t\t\t\t\t<input size=\"1\" type=\"email\" name=\"form_fields[email]\" id=\"form-field-email\" class=\"elementor-field elementor-size-sm  elementor-field-textual\" placeholder=\"E-Mail\" required=\"required\">\n\t\t\t\t\t\t\t\t\t\t\t<\/div>\n\t\t\t\t\t\t\t\t<div class=\"elementor-field-type-tel elementor-field-group elementor-column elementor-field-group-field_1d904a1 elementor-col-100\">\n\t\t\t\t\t\t\t<input size=\"1\" type=\"tel\" name=\"form_fields[field_1d904a1]\" id=\"form-field-field_1d904a1\" class=\"elementor-field elementor-size-sm  elementor-field-textual\" placeholder=\"Telefonnummer\" pattern=\"[0-9()#&amp;+*-=.]+\" title=\"Nur Nummern oder Telefon-Zeichen (#, -, *, etc) werden akzeptiert.\">\n\n\t\t\t\t\t\t<\/div>\n\t\t\t\t\t\t\t\t<div class=\"elementor-field-type-textarea elementor-field-group elementor-column elementor-field-group-message elementor-col-100\">\n\t\t\t\t\t<textarea class=\"elementor-field-textual elementor-field  elementor-size-sm\" name=\"form_fields[message]\" id=\"form-field-message\" rows=\"4\" placeholder=\"Nachricht\"><\/textarea>\t\t\t\t<\/div>\n\t\t\t\t\t\t\t\t<div class=\"elementor-field-type-recaptcha_v3 elementor-field-group elementor-column elementor-field-group-field_dc2cf62 elementor-col-100 recaptcha_v3-bottomright\">\n\t\t\t\t\t<div class=\"elementor-field\" id=\"form-field-field_dc2cf62\"><div class=\"elementor-g-recaptcha\" data-sitekey=\"6LdPll8sAAAAADs6FtL3HjoggWfsgERemrkMLKYe\" data-type=\"v3\" data-action=\"Form\" data-badge=\"bottomright\" data-size=\"invisible\"><\/div><\/div>\t\t\t\t<\/div>\n\t\t\t\t\t\t\t\t<div class=\"elementor-field-group elementor-column elementor-field-type-submit elementor-col-100 e-form__buttons\">\n\t\t\t\t\t<button class=\"elementor-button elementor-size-sm\" type=\"submit\">\n\t\t\t\t\t\t<span class=\"elementor-button-content-wrapper\">\n\t\t\t\t\t\t\t\t\t\t\t\t\t\t\t\t\t\t\t\t\t\t<span class=\"elementor-button-text\">Senden<\/span>\n\t\t\t\t\t\t\t\t\t\t\t\t\t<\/span>\n\t\t\t\t\t<\/button>\n\t\t\t\t<\/div>\n\t\t\t<\/div>\n\t\t<\/form>\n\t\t\t\t\t\t<\/div>\n\t\t\t\t<\/div>\n\t\t<div class=\"elementor-element elementor-element-aa2ecbf e-con-full e-flex e-con e-child\" data-id=\"aa2ecbf\" data-element_type=\"container\" data-e-type=\"container\">\n\t\t\t\t<div class=\"elementor-element elementor-element-9bca60c elementor-widget elementor-widget-image\" data-id=\"9bca60c\" data-element_type=\"widget\" data-e-type=\"widget\" data-widget_type=\"image.default\">\n\t\t\t\t\t\t\t\t\t\t\t\t\t\t\t<img fetchpriority=\"high\" decoding=\"async\" width=\"800\" height=\"706\" src=\"https:\/\/leschke-rs.de\/wp-content\/uploads\/2025\/11\/artur-leschke-location-1-1024x904.png\" class=\"attachment-large size-large wp-image-176\" alt=\"Artur Leschke Standort des Unternehmens\" srcset=\"https:\/\/leschke-rs.de\/wp-content\/uploads\/2025\/11\/artur-leschke-location-1-1024x904.png 1024w, https:\/\/leschke-rs.de\/wp-content\/uploads\/2025\/11\/artur-leschke-location-1-300x265.png 300w, https:\/\/leschke-rs.de\/wp-content\/uploads\/2025\/11\/artur-leschke-location-1-768x678.png 768w, https:\/\/leschke-rs.de\/wp-content\/uploads\/2025\/11\/artur-leschke-location-1-1536x1357.png 1536w, https:\/\/leschke-rs.de\/wp-content\/uploads\/2025\/11\/artur-leschke-location-1-2048x1809.png 2048w\" sizes=\"(max-width: 800px) 100vw, 800px\" \/>\t\t\t\t\t\t\t\t\t\t\t\t\t\t\t<\/div>\n\t\t\t\t<\/div>\n\t\t\t\t<\/div>\n\t\t\t\t<\/div>\n\t\t<div class=\"elementor-element elementor-element-1113a82 e-flex e-con-boxed e-con e-parent\" data-id=\"1113a82\" data-element_type=\"container\" data-e-type=\"container\" data-settings=\"{&quot;background_background&quot;:&quot;classic&quot;}\">\n\t\t\t\t\t<div class=\"e-con-inner\">\n\t\t<div class=\"elementor-element elementor-element-afa3ab9 e-con-full e-flex e-con e-child\" data-id=\"afa3ab9\" data-element_type=\"container\" data-e-type=\"container\" data-settings=\"{&quot;background_background&quot;:&quot;classic&quot;}\">\n\t\t\t\t<div class=\"elementor-element elementor-element-9f38c3e elementor-hidden-tablet elementor-widget elementor-widget-heading\" data-id=\"9f38c3e\" data-element_type=\"widget\" data-e-type=\"widget\" data-widget_type=\"heading.default\">\n\t\t\t\t\t<h2 class=\"elementor-heading-title elementor-size-default\">Jetzt eintragen und \u00fcber aktuelle Angebote informiert bleiben<\/h2>\t\t\t\t<\/div>\n\t\t\t\t<div class=\"elementor-element elementor-element-7668a5e elementor-hidden-desktop elementor-hidden-mobile elementor-widget elementor-widget-heading\" data-id=\"7668a5e\" data-element_type=\"widget\" data-e-type=\"widget\" data-widget_type=\"heading.default\">\n\t\t\t\t\t<h2 class=\"elementor-heading-title elementor-size-default\">Jetzt eintragen und \u00fcber aktuelle Angebote informiert bleiben<\/h2>\t\t\t\t<\/div>\n\t\t\t\t<div class=\"elementor-element elementor-element-61feed2 elementor-widget elementor-widget-text-editor\" data-id=\"61feed2\" data-element_type=\"widget\" data-e-type=\"widget\" data-widget_type=\"text-editor.default\">\n\t\t\t\t\t\t\t\t\t<p>Wir bei Leschke halten unsere treuen Kunden immer auf dem Laufenden. Immer wieder gibt es neue Angebote unserer Marken, \u00fcber die wir unsere Kunden nat\u00fcrlich informieren.<br \/>Bleiben auch Sie auf dem Laufenden, um diese Angebote nicht zu verpassen.<\/p>\t\t\t\t\t\t\t\t<\/div>\n\t\t\t\t<div class=\"elementor-element elementor-element-ef48d82 elementor-button-align-end elementor-widget elementor-widget-form\" data-id=\"ef48d82\" data-element_type=\"widget\" data-e-type=\"widget\" data-settings=\"{&quot;step_next_label&quot;:&quot;N\\u00e4chster&quot;,&quot;step_previous_label&quot;:&quot;Voriger&quot;,&quot;button_width&quot;:&quot;100&quot;,&quot;step_type&quot;:&quot;number_text&quot;,&quot;step_icon_shape&quot;:&quot;circle&quot;}\" data-widget_type=\"form.default\">\n\t\t\t\t\t\t\t<form class=\"elementor-form\" method=\"post\" name=\"Newsletter Formular\" aria-label=\"Newsletter Formular\">\n\t\t\t<input type=\"hidden\" name=\"post_id\" value=\"42\"\/>\n\t\t\t<input type=\"hidden\" name=\"form_id\" value=\"ef48d82\"\/>\n\t\t\t<input type=\"hidden\" name=\"referer_title\" value=\"Kontakt | Leschke Reinigungssysteme\" \/>\n\n\t\t\t\t\t\t\t<input type=\"hidden\" name=\"queried_id\" value=\"42\"\/>\n\t\t\t\n\t\t\t<div class=\"elementor-form-fields-wrapper elementor-labels-above\">\n\t\t\t\t\t\t\t\t<div class=\"elementor-field-type-email elementor-field-group elementor-column elementor-field-group-email elementor-col-100 elementor-field-required\">\n\t\t\t\t\t\t\t\t\t\t\t\t\t<input size=\"1\" type=\"email\" name=\"form_fields[email]\" id=\"form-field-email\" class=\"elementor-field elementor-size-sm  elementor-field-textual\" placeholder=\"Jetzt E-Mail eingeben und sparen\" required=\"required\">\n\t\t\t\t\t\t\t\t\t\t\t<\/div>\n\t\t\t\t\t\t\t\t<div class=\"elementor-field-group elementor-column elementor-field-type-submit elementor-col-100 e-form__buttons\">\n\t\t\t\t\t<button class=\"elementor-button elementor-size-sm\" type=\"submit\">\n\t\t\t\t\t\t<span class=\"elementor-button-content-wrapper\">\n\t\t\t\t\t\t\t\t\t\t\t\t\t\t\t\t\t\t\t\t\t\t<span class=\"elementor-button-text\">Senden<\/span>\n\t\t\t\t\t\t\t\t\t\t\t\t\t<\/span>\n\t\t\t\t\t<\/button>\n\t\t\t\t<\/div>\n\t\t\t<\/div>\n\t\t<\/form>\n\t\t\t\t\t\t<\/div>\n\t\t\t\t<\/div>\n\t\t\t\t\t<\/div>\n\t\t\t\t<\/div>\n\t\t<div class=\"elementor-element elementor-element-d5bfaa8 e-con-full e-flex e-con e-parent\" data-id=\"d5bfaa8\" data-element_type=\"container\" data-e-type=\"container\">\n\t\t<div class=\"elementor-element elementor-element-387e2fb e-grid e-con-full e-con e-child\" data-id=\"387e2fb\" data-element_type=\"container\" data-e-type=\"container\">\n\t\t<div class=\"elementor-element elementor-element-54a2b57 e-con-full e-flex e-con e-child\" data-id=\"54a2b57\" data-element_type=\"container\" data-e-type=\"container\">\n\t\t\t\t<div class=\"elementor-element elementor-element-2cfffa8 elementor-hidden-tablet elementor-widget elementor-widget-heading\" data-id=\"2cfffa8\" data-element_type=\"widget\" data-e-type=\"widget\" data-widget_type=\"heading.default\">\n\t\t\t\t\t<h2 class=\"elementor-heading-title elementor-size-default\">Jetzt Ihre professionelle Beratung anfragen<\/h2>\t\t\t\t<\/div>\n\t\t\t\t<div class=\"elementor-element elementor-element-b5802e7 elementor-hidden-desktop elementor-hidden-mobile elementor-widget elementor-widget-heading\" data-id=\"b5802e7\" data-element_type=\"widget\" data-e-type=\"widget\" data-widget_type=\"heading.default\">\n\t\t\t\t\t<h2 class=\"elementor-heading-title elementor-size-default\">Jetzt Ihre professionelle Beratung anfragen<\/h2>\t\t\t\t<\/div>\n\t\t\t\t<\/div>\n\t\t<div class=\"elementor-element elementor-element-95f5e9d e-con-full e-flex e-con e-child\" data-id=\"95f5e9d\" data-element_type=\"container\" data-e-type=\"container\">\n\t\t\t\t<div class=\"elementor-element elementor-element-a815402 elementor-align-center elementor-widget elementor-widget-button\" data-id=\"a815402\" data-element_type=\"widget\" data-e-type=\"widget\" data-widget_type=\"button.default\">\n\t\t\t\t\t\t\t\t\t\t<a class=\"elementor-button elementor-button-link elementor-size-sm\" href=\"#kontakt\">\n\t\t\t\t\t\t<span class=\"elementor-button-content-wrapper\">\n\t\t\t\t\t\t\t\t\t<span class=\"elementor-button-text\">Jetzt Kontakt aufnehmen<\/span>\n\t\t\t\t\t<\/span>\n\t\t\t\t\t<\/a>\n\t\t\t\t\t\t\t\t<\/div>\n\t\t\t\t<\/div>\n\t\t\t\t<\/div>\n\t\t\t\t<\/div>\n\t\t\t\t<\/div>\n\t\t","protected":false},"excerpt":{"rendered":"<p>Jetzt Kontakt aufnehmen Jetzt Kontakt aufnehmen Sie haben eine Frage, m\u00f6chten ein Angebot in Anspruch nehmen oder Feedback? F\u00fcllen Sie ganz einfach das untenstehende Formular aus und wir werden uns schnellstm\u00f6glich bei Ihnen melden. Jetzt eintragen und \u00fcber aktuelle Angebote informiert bleiben Jetzt eintragen und \u00fcber aktuelle Angebote informiert bleiben Wir bei Leschke halten unsere [&hellip;]<\/p>\n","protected":false},"author":1,"featured_media":0,"parent":0,"menu_order":0,"comment_status":"closed","ping_status":"closed","template":"","meta":{"footnotes":""},"class_list":["post-42","page","type-page","status-publish","hentry"],"yoast_head":"<!-- This site is optimized with the Yoast SEO plugin v26.8 - https:\/\/yoast.com\/product\/yoast-seo-wordpress\/ -->\n<title>Kontakt | Leschke Reinigungssysteme<\/title>\n<meta name=\"robots\" content=\"index, follow, max-snippet:-1, max-image-preview:large, max-video-preview:-1\" \/>\n<link rel=\"canonical\" href=\"https:\/\/leschke-rs.de\/index.php\/kontakt\/\" \/>\n<meta property=\"og:locale\" content=\"de_DE\" \/>\n<meta property=\"og:type\" content=\"article\" \/>\n<meta property=\"og:title\" content=\"Kontakt | Leschke Reinigungssysteme\" \/>\n<meta property=\"og:description\" content=\"Jetzt Kontakt aufnehmen Jetzt Kontakt aufnehmen Sie haben eine Frage, m\u00f6chten ein Angebot in Anspruch nehmen oder Feedback? F\u00fcllen Sie ganz einfach das untenstehende Formular aus und wir werden uns schnellstm\u00f6glich bei Ihnen melden. Jetzt eintragen und \u00fcber aktuelle Angebote informiert bleiben Jetzt eintragen und \u00fcber aktuelle Angebote informiert bleiben Wir bei Leschke halten unsere [&hellip;]\" \/>\n<meta property=\"og:url\" content=\"https:\/\/leschke-rs.de\/index.php\/kontakt\/\" \/>\n<meta property=\"og:site_name\" content=\"Leschke Reinigungssysteme\" \/>\n<meta property=\"article:modified_time\" content=\"2026-02-03T17:20:19+00:00\" \/>\n<meta property=\"og:image\" content=\"https:\/\/leschke-rs.de\/wp-content\/uploads\/2025\/11\/artur-leschke-location-1.png\" \/>\n\t<meta property=\"og:image:width\" content=\"2500\" \/>\n\t<meta property=\"og:image:height\" content=\"2208\" \/>\n\t<meta property=\"og:image:type\" content=\"image\/png\" \/>\n<meta name=\"twitter:card\" content=\"summary_large_image\" \/>\n<meta name=\"twitter:label1\" content=\"Gesch\u00e4tzte Lesezeit\" \/>\n\t<meta name=\"twitter:data1\" content=\"1\u00a0Minute\" \/>\n<script type=\"application\/ld+json\" class=\"yoast-schema-graph\">{\"@context\":\"https:\/\/schema.org\",\"@graph\":[{\"@type\":\"WebPage\",\"@id\":\"https:\/\/leschke-rs.de\/index.php\/kontakt\/\",\"url\":\"https:\/\/leschke-rs.de\/index.php\/kontakt\/\",\"name\":\"Kontakt | Leschke Reinigungssysteme\",\"isPartOf\":{\"@id\":\"https:\/\/leschke-rs.de\/#website\"},\"primaryImageOfPage\":{\"@id\":\"https:\/\/leschke-rs.de\/index.php\/kontakt\/#primaryimage\"},\"image\":{\"@id\":\"https:\/\/leschke-rs.de\/index.php\/kontakt\/#primaryimage\"},\"thumbnailUrl\":\"https:\/\/leschke-rs.de\/wp-content\/uploads\/2025\/11\/artur-leschke-location-1-1024x904.png\",\"datePublished\":\"2025-11-16T18:14:52+00:00\",\"dateModified\":\"2026-02-03T17:20:19+00:00\",\"breadcrumb\":{\"@id\":\"https:\/\/leschke-rs.de\/index.php\/kontakt\/#breadcrumb\"},\"inLanguage\":\"de\",\"potentialAction\":[{\"@type\":\"ReadAction\",\"target\":[\"https:\/\/leschke-rs.de\/index.php\/kontakt\/\"]}]},{\"@type\":\"ImageObject\",\"inLanguage\":\"de\",\"@id\":\"https:\/\/leschke-rs.de\/index.php\/kontakt\/#primaryimage\",\"url\":\"https:\/\/leschke-rs.de\/wp-content\/uploads\/2025\/11\/artur-leschke-location-1.png\",\"contentUrl\":\"https:\/\/leschke-rs.de\/wp-content\/uploads\/2025\/11\/artur-leschke-location-1.png\",\"width\":2500,\"height\":2208,\"caption\":\"Artur Leschke Standort des Unternehmens\"},{\"@type\":\"BreadcrumbList\",\"@id\":\"https:\/\/leschke-rs.de\/index.php\/kontakt\/#breadcrumb\",\"itemListElement\":[{\"@type\":\"ListItem\",\"position\":1,\"name\":\"Startseite\",\"item\":\"https:\/\/leschke-rs.de\/\"},{\"@type\":\"ListItem\",\"position\":2,\"name\":\"Kontakt\"}]},{\"@type\":\"WebSite\",\"@id\":\"https:\/\/leschke-rs.de\/#website\",\"url\":\"https:\/\/leschke-rs.de\/\",\"name\":\"Leschke Reinigungssysteme\",\"description\":\"\",\"publisher\":{\"@id\":\"https:\/\/leschke-rs.de\/#organization\"},\"potentialAction\":[{\"@type\":\"SearchAction\",\"target\":{\"@type\":\"EntryPoint\",\"urlTemplate\":\"https:\/\/leschke-rs.de\/?s={search_term_string}\"},\"query-input\":{\"@type\":\"PropertyValueSpecification\",\"valueRequired\":true,\"valueName\":\"search_term_string\"}}],\"inLanguage\":\"de\"},{\"@type\":\"Organization\",\"@id\":\"https:\/\/leschke-rs.de\/#organization\",\"name\":\"Leschke Reinigungssysteme\",\"url\":\"https:\/\/leschke-rs.de\/\",\"logo\":{\"@type\":\"ImageObject\",\"inLanguage\":\"de\",\"@id\":\"https:\/\/leschke-rs.de\/#\/schema\/logo\/image\/\",\"url\":\"https:\/\/leschke-rs.de\/wp-content\/uploads\/2025\/11\/leschke_logo.jpg\",\"contentUrl\":\"https:\/\/leschke-rs.de\/wp-content\/uploads\/2025\/11\/leschke_logo.jpg\",\"width\":1024,\"height\":1024,\"caption\":\"Leschke Reinigungssysteme\"},\"image\":{\"@id\":\"https:\/\/leschke-rs.de\/#\/schema\/logo\/image\/\"}}]}<\/script>\n<!-- \/ Yoast SEO plugin. -->","yoast_head_json":{"title":"Kontakt | Leschke Reinigungssysteme","robots":{"index":"index","follow":"follow","max-snippet":"max-snippet:-1","max-image-preview":"max-image-preview:large","max-video-preview":"max-video-preview:-1"},"canonical":"https:\/\/leschke-rs.de\/index.php\/kontakt\/","og_locale":"de_DE","og_type":"article","og_title":"Kontakt | Leschke Reinigungssysteme","og_description":"Jetzt Kontakt aufnehmen Jetzt Kontakt aufnehmen Sie haben eine Frage, m\u00f6chten ein Angebot in Anspruch nehmen oder Feedback? F\u00fcllen Sie ganz einfach das untenstehende Formular aus und wir werden uns schnellstm\u00f6glich bei Ihnen melden. Jetzt eintragen und \u00fcber aktuelle Angebote informiert bleiben Jetzt eintragen und \u00fcber aktuelle Angebote informiert bleiben Wir bei Leschke halten unsere [&hellip;]","og_url":"https:\/\/leschke-rs.de\/index.php\/kontakt\/","og_site_name":"Leschke Reinigungssysteme","article_modified_time":"2026-02-03T17:20:19+00:00","og_image":[{"width":2500,"height":2208,"url":"https:\/\/leschke-rs.de\/wp-content\/uploads\/2025\/11\/artur-leschke-location-1.png","type":"image\/png"}],"twitter_card":"summary_large_image","twitter_misc":{"Gesch\u00e4tzte Lesezeit":"1\u00a0Minute"},"schema":{"@context":"https:\/\/schema.org","@graph":[{"@type":"WebPage","@id":"https:\/\/leschke-rs.de\/index.php\/kontakt\/","url":"https:\/\/leschke-rs.de\/index.php\/kontakt\/","name":"Kontakt | Leschke Reinigungssysteme","isPartOf":{"@id":"https:\/\/leschke-rs.de\/#website"},"primaryImageOfPage":{"@id":"https:\/\/leschke-rs.de\/index.php\/kontakt\/#primaryimage"},"image":{"@id":"https:\/\/leschke-rs.de\/index.php\/kontakt\/#primaryimage"},"thumbnailUrl":"https:\/\/leschke-rs.de\/wp-content\/uploads\/2025\/11\/artur-leschke-location-1-1024x904.png","datePublished":"2025-11-16T18:14:52+00:00","dateModified":"2026-02-03T17:20:19+00:00","breadcrumb":{"@id":"https:\/\/leschke-rs.de\/index.php\/kontakt\/#breadcrumb"},"inLanguage":"de","potentialAction":[{"@type":"ReadAction","target":["https:\/\/leschke-rs.de\/index.php\/kontakt\/"]}]},{"@type":"ImageObject","inLanguage":"de","@id":"https:\/\/leschke-rs.de\/index.php\/kontakt\/#primaryimage","url":"https:\/\/leschke-rs.de\/wp-content\/uploads\/2025\/11\/artur-leschke-location-1.png","contentUrl":"https:\/\/leschke-rs.de\/wp-content\/uploads\/2025\/11\/artur-leschke-location-1.png","width":2500,"height":2208,"caption":"Artur Leschke Standort des Unternehmens"},{"@type":"BreadcrumbList","@id":"https:\/\/leschke-rs.de\/index.php\/kontakt\/#breadcrumb","itemListElement":[{"@type":"ListItem","position":1,"name":"Startseite","item":"https:\/\/leschke-rs.de\/"},{"@type":"ListItem","position":2,"name":"Kontakt"}]},{"@type":"WebSite","@id":"https:\/\/leschke-rs.de\/#website","url":"https:\/\/leschke-rs.de\/","name":"Leschke Reinigungssysteme","description":"","publisher":{"@id":"https:\/\/leschke-rs.de\/#organization"},"potentialAction":[{"@type":"SearchAction","target":{"@type":"EntryPoint","urlTemplate":"https:\/\/leschke-rs.de\/?s={search_term_string}"},"query-input":{"@type":"PropertyValueSpecification","valueRequired":true,"valueName":"search_term_string"}}],"inLanguage":"de"},{"@type":"Organization","@id":"https:\/\/leschke-rs.de\/#organization","name":"Leschke Reinigungssysteme","url":"https:\/\/leschke-rs.de\/","logo":{"@type":"ImageObject","inLanguage":"de","@id":"https:\/\/leschke-rs.de\/#\/schema\/logo\/image\/","url":"https:\/\/leschke-rs.de\/wp-content\/uploads\/2025\/11\/leschke_logo.jpg","contentUrl":"https:\/\/leschke-rs.de\/wp-content\/uploads\/2025\/11\/leschke_logo.jpg","width":1024,"height":1024,"caption":"Leschke Reinigungssysteme"},"image":{"@id":"https:\/\/leschke-rs.de\/#\/schema\/logo\/image\/"}}]}},"_links":{"self":[{"href":"https:\/\/leschke-rs.de\/index.php\/wp-json\/wp\/v2\/pages\/42","targetHints":{"allow":["GET"]}}],"collection":[{"href":"https:\/\/leschke-rs.de\/index.php\/wp-json\/wp\/v2\/pages"}],"about":[{"href":"https:\/\/leschke-rs.de\/index.php\/wp-json\/wp\/v2\/types\/page"}],"author":[{"embeddable":true,"href":"https:\/\/leschke-rs.de\/index.php\/wp-json\/wp\/v2\/users\/1"}],"replies":[{"embeddable":true,"href":"https:\/\/leschke-rs.de\/index.php\/wp-json\/wp\/v2\/comments?post=42"}],"version-history":[{"count":22,"href":"https:\/\/leschke-rs.de\/index.php\/wp-json\/wp\/v2\/pages\/42\/revisions"}],"predecessor-version":[{"id":353,"href":"https:\/\/leschke-rs.de\/index.php\/wp-json\/wp\/v2\/pages\/42\/revisions\/353"}],"wp:attachment":[{"href":"https:\/\/leschke-rs.de\/index.php\/wp-json\/wp\/v2\/media?parent=42"}],"curies":[{"name":"wp","href":"https:\/\/api.w.org\/{rel}","templated":true}]}}